{"id":517,"date":"2024-01-11T17:43:03","date_gmt":"2024-01-11T14:43:03","guid":{"rendered":"https:\/\/asefkozmetik.binnurolkun.com\/guclu-endustriyel-temizleyici-islak-mendil\/"},"modified":"2024-03-15T12:07:24","modified_gmt":"2024-03-15T09:07:24","slug":"guclu-endustriyel-temizleyici-islak-mendil","status":"publish","type":"product","link":"https:\/\/www.asefkozmetik.com\/guclu-endustriyel-temizleyici-islak-mendil\/","title":{"rendered":"G\u00fc\u00e7l\u00fc End\u00fcstriyel Temizleyici Islak Mendil"},"content":{"rendered":"<p>A\u011f\u0131r hizmet temizlik bezleri i\u00e7in Klerax, ya\u011f, gres, katran ve boyay\u0131 ve eldeki di\u011fer pek \u00e7ok zorlu kiri kolayca \u00e7\u0131karan end\u00fcstriyel g\u00fc\u00e7te \u00f6zel bir temizleme form\u00fcl\u00fcne sahiptir. Dayan\u0131kl\u0131 dokumas\u0131z kuma\u015f, a\u011f\u0131r hizmet tipi \u0131slak mendillerle daha sa\u011fl\u0131kl\u0131, daha derin bir temizlik elde etmenize yard\u0131mc\u0131 olur. Bu mendiller el boyas\u0131n\u0131, kiri ve di\u011fer sert maddeleri temizlemek, ellerinizi temiz, bak\u0131ml\u0131 ve bakterisiz tutmak i\u00e7in g\u00fcvenle kullan\u0131labilir.<\/p>\n","protected":false},"excerpt":{"rendered":"\n<div class=\"wpcf7 no-js\" id=\"wpcf7-f2413-o1\" lang=\"es-ES\" dir=\"ltr\">\n<div class=\"screen-reader-response\"><p role=\"status\" aria-live=\"polite\" aria-atomic=\"true\"><\/p> <ul><\/ul><\/div>\n<form action=\"\/es\/wp-json\/wp\/v2\/product\/517#wpcf7-f2413-o1\" method=\"post\" class=\"wpcf7-form init\" aria-label=\"Formulario de contacto\" novalidate=\"novalidate\" data-status=\"init\">\n<div style=\"display: none;\">\n<input type=\"hidden\" name=\"_wpcf7\" value=\"2413\" \/>\n<input type=\"hidden\" name=\"_wpcf7_version\" value=\"5.8.6\" \/>\n<input type=\"hidden\" name=\"_wpcf7_locale\" value=\"es_ES\" \/>\n<input type=\"hidden\" name=\"_wpcf7_unit_tag\" value=\"wpcf7-f2413-o1\" \/>\n<input type=\"hidden\" name=\"_wpcf7_container_post\" value=\"0\" \/>\n<input type=\"hidden\" name=\"_wpcf7_posted_data_hash\" value=\"\" \/>\n<\/div>\n<p><label><strong style=\"font-size:18px;\">Asef Cosmetics | Formulario de consulta <\/strong><\/label>\n<\/p>\n<p><label> Nombre Apellidos<br \/>\n<span class=\"wpcf7-form-control-wrap\" data-name=\"your-name\"><input size=\"40\" class=\"wpcf7-form-control wpcf7-text wpcf7-validates-as-required\" autocomplete=\"name\" aria-required=\"true\" aria-invalid=\"false\" value=\"\" type=\"text\" name=\"your-name\" \/><\/span> <\/label>\n<\/p>\n<p><label> Su direcci\u00f3n de correo electr\u00f3nico<br \/>\n<span class=\"wpcf7-form-control-wrap\" data-name=\"your-email\"><input size=\"40\" class=\"wpcf7-form-control wpcf7-email wpcf7-validates-as-required wpcf7-text wpcf7-validates-as-email\" autocomplete=\"email\" aria-required=\"true\" aria-invalid=\"false\" value=\"\" type=\"email\" name=\"your-email\" \/><\/span> <\/label>\n<\/p>\n<p><label> Su n\u00famero de tel\u00e9fono<br \/>\n<span class=\"wpcf7-form-control-wrap\" data-name=\"tel-50\"><input size=\"40\" class=\"wpcf7-form-control wpcf7-tel wpcf7-text wpcf7-validates-as-tel\" aria-invalid=\"false\" value=\"\" type=\"tel\" name=\"tel-50\" \/><\/span> <\/label>\n<\/p>\n<p><label> Su mensaje<br \/>\n<span class=\"wpcf7-form-control-wrap\" data-name=\"your-message\"><textarea cols=\"40\" rows=\"10\" class=\"wpcf7-form-control wpcf7-textarea\" aria-invalid=\"false\" name=\"your-message\"><\/textarea><\/span> <\/label>\n<\/p>\n<p><div class=\"cf7-cf-turnstile\" style=\"margin-top: -10px; margin-bottom: -15px;\"> <div id=\"cf-turnstile-cf7-3927785329\" class=\"cf-turnstile\" data-sitekey=\"0x4AAAAAAARXDYpHc3F3x_oP\" data-theme=\"light\" data-language=\"auto\" data-retry=\"auto\" data-retry-interval=\"1000\" data-action=\"contact-form-7\" data-appearance=\"always\"><\/div> <script>document.addEventListener(\"DOMContentLoaded\",(function(){var e=document.getElementById(\"cf-turnstile-cf7-3927785329\");e&&turnstile.render(\"#cf-turnstile-cf7-3927785329\",{sitekey:\"0x4AAAAAAARXDYpHc3F3x_oP\"})}));<\/script> <br class=\"cf-turnstile-br cf-turnstile-br-cf7-3927785329\"> <style>#cf-turnstile-cf7-3927785329 { margin-left: -15px; }<\/style> <script>document.addEventListener(\"DOMContentLoaded\",function(){document.querySelectorAll('.wpcf7-form').forEach(function(e){e.addEventListener('submit',function(){if(document.getElementById('cf-turnstile-cf7-3927785329')){setTimeout(function(){turnstile.render('#cf-turnstile-cf7-3927785329');},4000)}})})});<\/script> <\/div>\n<\/p>\n<p><input class=\"wpcf7-form-control wpcf7-submit has-spinner\" type=\"submit\" value=\"G\u00f6nder\" \/>\n<\/p><div class=\"wpcf7-response-output\" aria-hidden=\"true\"><\/div>\n<\/form>\n<\/div>\n\n","protected":false},"featured_media":490,"template":"","meta":[],"product_cat":[74,79],"product_tag":[],"class_list":{"0":"post-517","1":"product","2":"type-product","3":"status-publish","4":"has-post-thumbnail","6":"product_cat-endustriyel-bakim","7":"product_cat-m-----","9":"first","10":"instock","11":"taxable","12":"shipping-taxable","13":"product-type-simple"},"_links":{"self":[{"href":"https:\/\/www.asefkozmetik.com\/es\/wp-json\/wp\/v2\/product\/517","targetHints":{"allow":["GET"]}}],"collection":[{"href":"https:\/\/www.asefkozmetik.com\/es\/wp-json\/wp\/v2\/product"}],"about":[{"href":"https:\/\/www.asefkozmetik.com\/es\/wp-json\/wp\/v2\/types\/product"}],"wp:featuredmedia":[{"embeddable":true,"href":"https:\/\/www.asefkozmetik.com\/es\/wp-json\/wp\/v2\/media\/490"}],"wp:attachment":[{"href":"https:\/\/www.asefkozmetik.com\/es\/wp-json\/wp\/v2\/media?parent=517"}],"wp:term":[{"taxonomy":"product_cat","embeddable":true,"href":"https:\/\/www.asefkozmetik.com\/es\/wp-json\/wp\/v2\/product_cat?post=517"},{"taxonomy":"product_tag","embeddable":true,"href":"https:\/\/www.asefkozmetik.com\/es\/wp-json\/wp\/v2\/product_tag?post=517"}],"curies":[{"name":"wp","href":"https:\/\/api.w.org\/{rel}","templated":true}]}}