{"id":898,"date":"2024-01-16T14:18:25","date_gmt":"2024-01-16T11:18:25","guid":{"rendered":"https:\/\/asefkozmetik.binnurolkun.com\/toallitas-humedas-de-limpieza-multiusos\/"},"modified":"2024-01-16T14:18:25","modified_gmt":"2024-01-16T11:18:25","slug":"toallitas-humedas-de-limpieza-multiusos","status":"publish","type":"product","link":"https:\/\/www.asefkozmetik.com\/es\/toallitas-humedas-de-limpieza-multiusos\/","title":{"rendered":"Toallitas h\u00famedas de limpieza multiusos"},"content":{"rendered":"<p>Las toallitas h\u00famedas de limpieza Klerax est\u00e1n especialmente dise\u00f1adas para no dejar marcas en vidrio y superficies brillantes. Se puede utilizar de forma segura para la limpieza de todos los cristales y superficies brillantes. Proporciona una experiencia de limpieza r\u00e1pida y pr\u00e1ctica.  <\/p>\n","protected":false},"excerpt":{"rendered":"<p>Las toallitas h\u00famedas de limpieza Klerax est\u00e1n especialmente dise\u00f1adas para no dejar marcas en vidrio y superficies brillantes. Se puede utilizar de forma segura para la limpieza de todos los cristales y superficies brillantes. Proporciona una experiencia de limpieza r\u00e1pida y pr\u00e1ctica.<\/p>\n","protected":false},"featured_media":879,"template":"","meta":[],"product_cat":[181,178,172],"product_tag":[],"class_list":{"0":"post-898","1":"product","2":"type-product","3":"status-publish","4":"has-post-thumbnail","6":"product_cat-panos-y-bayetas-para-la-limpieza-de-superficies","7":"product_cat-toallitas-limpiadoras-de-azulejos-y-superficies-brillantes","8":"product_cat-toallitas-multiusos-para-la-limpieza-de-superficies","10":"first","11":"instock","12":"taxable","13":"shipping-taxable","14":"product-type-simple"},"_links":{"self":[{"href":"https:\/\/www.asefkozmetik.com\/es\/wp-json\/wp\/v2\/product\/898","targetHints":{"allow":["GET"]}}],"collection":[{"href":"https:\/\/www.asefkozmetik.com\/es\/wp-json\/wp\/v2\/product"}],"about":[{"href":"https:\/\/www.asefkozmetik.com\/es\/wp-json\/wp\/v2\/types\/product"}],"wp:featuredmedia":[{"embeddable":true,"href":"https:\/\/www.asefkozmetik.com\/es\/wp-json\/wp\/v2\/media\/879"}],"wp:attachment":[{"href":"https:\/\/www.asefkozmetik.com\/es\/wp-json\/wp\/v2\/media?parent=898"}],"wp:term":[{"taxonomy":"product_cat","embeddable":true,"href":"https:\/\/www.asefkozmetik.com\/es\/wp-json\/wp\/v2\/product_cat?post=898"},{"taxonomy":"product_tag","embeddable":true,"href":"https:\/\/www.asefkozmetik.com\/es\/wp-json\/wp\/v2\/product_tag?post=898"}],"curies":[{"name":"wp","href":"https:\/\/api.w.org\/{rel}","templated":true}]}}