{"id":959,"date":"2024-01-11T17:43:04","date_gmt":"2024-01-11T14:43:04","guid":{"rendered":"https:\/\/asefkozmetik.binnurolkun.com\/toallitas-humedas-jardin-magico-120\/"},"modified":"2024-01-11T17:43:04","modified_gmt":"2024-01-11T14:43:04","slug":"toallitas-humedas-jardin-magico-120","status":"publish","type":"product","link":"https:\/\/www.asefkozmetik.com\/es\/toallitas-humedas-jardin-magico-120\/","title":{"rendered":"Toallitas H\u00famedas Jard\u00edn M\u00e1gico 120"},"content":{"rendered":"<p>Es adecuado para el uso diario. Las Toallitas H\u00famedas no contienen Parabenos, Alcohol y Colorantes, ayudan a prevenir la formaci\u00f3n de bacterias que pueden da\u00f1ar la piel. Es compatible con el equilibrio del pH de la piel. Aprobado por pruebas dermatol\u00f3gicas y microbiol\u00f3gicas. A falta de agua y jab\u00f3n, la forma m\u00e1s pr\u00e1ctica e higi\u00e9nica de estar limpio en todo momento son las toallitas h\u00famedas.<\/p>\n","protected":false},"excerpt":{"rendered":"\n<div class=\"wpcf7 no-js\" id=\"wpcf7-f2413-o1\" lang=\"es-ES\" dir=\"ltr\">\n<div class=\"screen-reader-response\"><p role=\"status\" aria-live=\"polite\" aria-atomic=\"true\"><\/p> <ul><\/ul><\/div>\n<form action=\"\/es\/wp-json\/wp\/v2\/product\/959#wpcf7-f2413-o1\" method=\"post\" class=\"wpcf7-form init\" aria-label=\"Formulario de contacto\" novalidate=\"novalidate\" data-status=\"init\">\n<div style=\"display: none;\">\n<input type=\"hidden\" name=\"_wpcf7\" value=\"2413\" \/>\n<input type=\"hidden\" name=\"_wpcf7_version\" value=\"5.8.6\" \/>\n<input type=\"hidden\" name=\"_wpcf7_locale\" value=\"es_ES\" \/>\n<input type=\"hidden\" name=\"_wpcf7_unit_tag\" value=\"wpcf7-f2413-o1\" \/>\n<input type=\"hidden\" name=\"_wpcf7_container_post\" value=\"0\" \/>\n<input type=\"hidden\" name=\"_wpcf7_posted_data_hash\" value=\"\" \/>\n<\/div>\n<p><label><strong style=\"font-size:18px;\">Asef Cosmetics | Formulario de consulta <\/strong><\/label>\n<\/p>\n<p><label> Nombre Apellidos<br \/>\n<span class=\"wpcf7-form-control-wrap\" data-name=\"your-name\"><input size=\"40\" class=\"wpcf7-form-control wpcf7-text wpcf7-validates-as-required\" autocomplete=\"name\" aria-required=\"true\" aria-invalid=\"false\" value=\"\" type=\"text\" name=\"your-name\" \/><\/span> <\/label>\n<\/p>\n<p><label> Su direcci\u00f3n de correo electr\u00f3nico<br \/>\n<span class=\"wpcf7-form-control-wrap\" data-name=\"your-email\"><input size=\"40\" class=\"wpcf7-form-control wpcf7-email wpcf7-validates-as-required wpcf7-text wpcf7-validates-as-email\" autocomplete=\"email\" aria-required=\"true\" aria-invalid=\"false\" value=\"\" type=\"email\" name=\"your-email\" \/><\/span> <\/label>\n<\/p>\n<p><label> Su n\u00famero de tel\u00e9fono<br \/>\n<span class=\"wpcf7-form-control-wrap\" data-name=\"tel-50\"><input size=\"40\" class=\"wpcf7-form-control wpcf7-tel wpcf7-text wpcf7-validates-as-tel\" aria-invalid=\"false\" value=\"\" type=\"tel\" name=\"tel-50\" \/><\/span> <\/label>\n<\/p>\n<p><label> Su mensaje<br \/>\n<span class=\"wpcf7-form-control-wrap\" data-name=\"your-message\"><textarea cols=\"40\" rows=\"10\" class=\"wpcf7-form-control wpcf7-textarea\" aria-invalid=\"false\" name=\"your-message\"><\/textarea><\/span> <\/label>\n<\/p>\n<p><div class=\"cf7-cf-turnstile\" style=\"margin-top: -10px; margin-bottom: -15px;\"> <div id=\"cf-turnstile-cf7-2228601788\" class=\"cf-turnstile\" data-sitekey=\"0x4AAAAAAARXDYpHc3F3x_oP\" data-theme=\"light\" data-language=\"auto\" data-retry=\"auto\" data-retry-interval=\"1000\" data-action=\"contact-form-7\" data-appearance=\"always\"><\/div> <script>document.addEventListener(\"DOMContentLoaded\",(function(){var e=document.getElementById(\"cf-turnstile-cf7-2228601788\");e&&turnstile.render(\"#cf-turnstile-cf7-2228601788\",{sitekey:\"0x4AAAAAAARXDYpHc3F3x_oP\"})}));<\/script> <br class=\"cf-turnstile-br cf-turnstile-br-cf7-2228601788\"> <style>#cf-turnstile-cf7-2228601788 { margin-left: -15px; }<\/style> <script>document.addEventListener(\"DOMContentLoaded\",function(){document.querySelectorAll('.wpcf7-form').forEach(function(e){e.addEventListener('submit',function(){if(document.getElementById('cf-turnstile-cf7-2228601788')){setTimeout(function(){turnstile.render('#cf-turnstile-cf7-2228601788');},4000)}})})});<\/script> <\/div>\n<\/p>\n<p><input class=\"wpcf7-form-control wpcf7-submit has-spinner\" type=\"submit\" value=\"G\u00f6nder\" \/>\n<\/p><div class=\"wpcf7-response-output\" aria-hidden=\"true\"><\/div>\n<\/form>\n<\/div>\n\n","protected":false},"featured_media":3091,"template":"","meta":[],"product_cat":[181,195,178,172],"product_tag":[],"class_list":{"0":"post-959","1":"product","2":"type-product","3":"status-publish","4":"has-post-thumbnail","6":"product_cat-panos-y-bayetas-para-la-limpieza-de-superficies","7":"product_cat-toallitas-desmaquillantes","8":"product_cat-toallitas-limpiadoras-de-azulejos-y-superficies-brillantes","9":"product_cat-toallitas-multiusos-para-la-limpieza-de-superficies","11":"first","12":"instock","13":"taxable","14":"shipping-taxable","15":"product-type-simple"},"_links":{"self":[{"href":"https:\/\/www.asefkozmetik.com\/es\/wp-json\/wp\/v2\/product\/959","targetHints":{"allow":["GET"]}}],"collection":[{"href":"https:\/\/www.asefkozmetik.com\/es\/wp-json\/wp\/v2\/product"}],"about":[{"href":"https:\/\/www.asefkozmetik.com\/es\/wp-json\/wp\/v2\/types\/product"}],"wp:featuredmedia":[{"embeddable":true,"href":"https:\/\/www.asefkozmetik.com\/es\/wp-json\/wp\/v2\/media\/3091"}],"wp:attachment":[{"href":"https:\/\/www.asefkozmetik.com\/es\/wp-json\/wp\/v2\/media?parent=959"}],"wp:term":[{"taxonomy":"product_cat","embeddable":true,"href":"https:\/\/www.asefkozmetik.com\/es\/wp-json\/wp\/v2\/product_cat?post=959"},{"taxonomy":"product_tag","embeddable":true,"href":"https:\/\/www.asefkozmetik.com\/es\/wp-json\/wp\/v2\/product_tag?post=959"}],"curies":[{"name":"wp","href":"https:\/\/api.w.org\/{rel}","templated":true}]}}