{"id":899,"date":"2024-01-16T14:18:25","date_gmt":"2024-01-16T11:18:25","guid":{"rendered":"https:\/\/asefkozmetik.binnurolkun.com\/lingettes-humides-nettoyantes-polyvalentes\/"},"modified":"2024-01-16T14:18:25","modified_gmt":"2024-01-16T11:18:25","slug":"lingettes-humides-nettoyantes-polyvalentes","status":"publish","type":"product","link":"https:\/\/www.asefkozmetik.com\/fr\/lingettes-humides-nettoyantes-polyvalentes\/","title":{"rendered":"Lingettes humides nettoyantes polyvalentes"},"content":{"rendered":"<p>Les lingettes nettoyantes humides Klerax sont sp\u00e9cialement con\u00e7ues pour ne laisser aucune trace sur le verre et les surfaces brillantes. Il peut \u00eatre utilis\u00e9 en toute s\u00e9curit\u00e9 pour tous les nettoyages de vitres et de surfaces brillantes. Il offre une exp\u00e9rience de nettoyage rapide et pratique.  <\/p>\n","protected":false},"excerpt":{"rendered":"<p>Les lingettes nettoyantes humides Klerax sont sp\u00e9cialement con\u00e7ues pour ne laisser aucune trace sur le verre et les surfaces brillantes. Il peut \u00eatre utilis\u00e9 en toute s\u00e9curit\u00e9 pour tous les nettoyages de vitres et de surfaces brillantes. Il offre une exp\u00e9rience de nettoyage rapide et pratique.<\/p>\n","protected":false},"featured_media":877,"template":"","meta":[],"product_cat":[177,182,174],"product_tag":[],"class_list":{"0":"post-899","1":"product","2":"type-product","3":"status-publish","4":"has-post-thumbnail","6":"product_cat-lingettes-de-nettoyage-pour-carreaux-et-surfaces-brillantes","7":"product_cat-lingettes-et-chiffons-pour-le-nettoyage-des-surfaces","8":"product_cat-lingettes-nettoyantes-multi-usages","10":"first","11":"instock","12":"taxable","13":"shipping-taxable","14":"product-type-simple"},"_links":{"self":[{"href":"https:\/\/www.asefkozmetik.com\/fr\/wp-json\/wp\/v2\/product\/899","targetHints":{"allow":["GET"]}}],"collection":[{"href":"https:\/\/www.asefkozmetik.com\/fr\/wp-json\/wp\/v2\/product"}],"about":[{"href":"https:\/\/www.asefkozmetik.com\/fr\/wp-json\/wp\/v2\/types\/product"}],"wp:featuredmedia":[{"embeddable":true,"href":"https:\/\/www.asefkozmetik.com\/fr\/wp-json\/wp\/v2\/media\/877"}],"wp:attachment":[{"href":"https:\/\/www.asefkozmetik.com\/fr\/wp-json\/wp\/v2\/media?parent=899"}],"wp:term":[{"taxonomy":"product_cat","embeddable":true,"href":"https:\/\/www.asefkozmetik.com\/fr\/wp-json\/wp\/v2\/product_cat?post=899"},{"taxonomy":"product_tag","embeddable":true,"href":"https:\/\/www.asefkozmetik.com\/fr\/wp-json\/wp\/v2\/product_tag?post=899"}],"curies":[{"name":"wp","href":"https:\/\/api.w.org\/{rel}","templated":true}]}}