{"id":903,"date":"2024-01-16T14:19:20","date_gmt":"2024-01-16T11:19:20","guid":{"rendered":"https:\/\/asefkozmetik.binnurolkun.com\/lingettes-humides-multisurfaces\/"},"modified":"2024-06-04T09:57:33","modified_gmt":"2024-06-04T06:57:33","slug":"lingettes-humides-multisurfaces","status":"publish","type":"product","link":"https:\/\/www.asefkozmetik.com\/fr\/lingettes-humides-multisurfaces\/","title":{"rendered":"LINGETTES HUMIDES MULTISURFACES"},"content":{"rendered":"<p>En particulier; Il convient \u00e0 toutes les surfaces telles que la cuisine, la salle de bain, les toilettes, les centres esth\u00e9tiques, les gymnases, o\u00f9 l\u2019hygi\u00e8ne est importante. Emp\u00eache la formation de mauvaises odeurs. Il fournit les conditions d\u2019hygi\u00e8ne n\u00e9cessaires sur toutes les surfaces o\u00f9 les denr\u00e9es alimentaires se touchent.  <\/p>\n","protected":false},"excerpt":{"rendered":"\n<div class=\"wpcf7 no-js\" id=\"wpcf7-f2375-o1\" lang=\"fr-FR\" dir=\"ltr\">\n<div class=\"screen-reader-response\"><p role=\"status\" aria-live=\"polite\" aria-atomic=\"true\"><\/p> <ul><\/ul><\/div>\n<form action=\"\/fr\/wp-json\/wp\/v2\/product\/903#wpcf7-f2375-o1\" method=\"post\" class=\"wpcf7-form init\" aria-label=\"Formulaire de contact\" novalidate=\"novalidate\" data-status=\"init\">\n<div style=\"display: none;\">\n<input type=\"hidden\" name=\"_wpcf7\" value=\"2375\" \/>\n<input type=\"hidden\" name=\"_wpcf7_version\" value=\"5.8.6\" \/>\n<input type=\"hidden\" name=\"_wpcf7_locale\" value=\"fr_FR\" \/>\n<input type=\"hidden\" name=\"_wpcf7_unit_tag\" value=\"wpcf7-f2375-o1\" \/>\n<input type=\"hidden\" name=\"_wpcf7_container_post\" value=\"0\" \/>\n<input type=\"hidden\" name=\"_wpcf7_posted_data_hash\" value=\"\" \/>\n<\/div>\n<p><label><strong style=\"font-size:18px;\">Asef Cosmetics | Formulaire de consultation <\/strong><\/label>\n<\/p>\n<p><label> Nombre Apellidos<br \/>\n<span class=\"wpcf7-form-control-wrap\" data-name=\"your-name\"><input size=\"40\" class=\"wpcf7-form-control wpcf7-text wpcf7-validates-as-required\" autocomplete=\"name\" aria-required=\"true\" aria-invalid=\"false\" value=\"\" type=\"text\" name=\"your-name\" \/><\/span> <\/label>\n<\/p>\n<p><label> Votre adresse \u00e9lectronique<br \/>\n<span class=\"wpcf7-form-control-wrap\" data-name=\"your-email\"><input size=\"40\" class=\"wpcf7-form-control wpcf7-email wpcf7-validates-as-required wpcf7-text wpcf7-validates-as-email\" autocomplete=\"email\" aria-required=\"true\" aria-invalid=\"false\" value=\"\" type=\"email\" name=\"your-email\" \/><\/span> <\/label>\n<\/p>\n<p><label> Votre num\u00e9ro de t\u00e9l\u00e9phone<br \/>\n<span class=\"wpcf7-form-control-wrap\" data-name=\"tel-50\"><input size=\"40\" class=\"wpcf7-form-control wpcf7-tel wpcf7-text wpcf7-validates-as-tel\" aria-invalid=\"false\" value=\"\" type=\"tel\" name=\"tel-50\" \/><\/span> <\/label>\n<\/p>\n<p><label> Votre Message<br \/>\n<span class=\"wpcf7-form-control-wrap\" data-name=\"your-message\"><textarea cols=\"40\" rows=\"10\" class=\"wpcf7-form-control wpcf7-textarea\" aria-invalid=\"false\" name=\"your-message\"><\/textarea><\/span> <\/label>\n<\/p>\n<p><div class=\"cf7-cf-turnstile\" style=\"margin-top: -10px; margin-bottom: -15px;\"> <div id=\"cf-turnstile-cf7-2948049076\" class=\"cf-turnstile\" data-sitekey=\"0x4AAAAAAARXDYpHc3F3x_oP\" data-theme=\"light\" data-language=\"auto\" data-retry=\"auto\" data-retry-interval=\"1000\" data-action=\"contact-form-7\" data-appearance=\"always\"><\/div> <script>document.addEventListener(\"DOMContentLoaded\",(function(){var e=document.getElementById(\"cf-turnstile-cf7-2948049076\");e&&turnstile.render(\"#cf-turnstile-cf7-2948049076\",{sitekey:\"0x4AAAAAAARXDYpHc3F3x_oP\"})}));<\/script> <br class=\"cf-turnstile-br cf-turnstile-br-cf7-2948049076\"> <style>#cf-turnstile-cf7-2948049076 { margin-left: -15px; }<\/style> <script>document.addEventListener(\"DOMContentLoaded\",function(){document.querySelectorAll('.wpcf7-form').forEach(function(e){e.addEventListener('submit',function(){if(document.getElementById('cf-turnstile-cf7-2948049076')){setTimeout(function(){turnstile.render('#cf-turnstile-cf7-2948049076');},4000)}})})});<\/script> <\/div>\n<\/p>\n<p><input class=\"wpcf7-form-control wpcf7-submit has-spinner\" type=\"submit\" value=\"G\u00f6nder\" \/>\n<\/p><div class=\"wpcf7-response-output\" aria-hidden=\"true\"><\/div>\n<\/form>\n<\/div>\n\n","protected":false},"featured_media":889,"template":"","meta":[],"product_cat":[111,196,177,193,182,224,185,227,169,189,234,248,243,135,240,203,174,115,129],"product_tag":[],"class_list":{"0":"post-903","1":"product","2":"type-product","3":"status-publish","4":"has-post-thumbnail","6":"product_cat-lignettes-humides-pour-les-bebes","7":"product_cat-lingettes-cosmetiques-et-de-nettoyage-personnel","8":"product_cat-lingettes-de-nettoyage-pour-carreaux-et-surfaces-brillantes","9":"product_cat-lingettes-demaquillantes","10":"product_cat-lingettes-et-chiffons-pour-le-nettoyage-des-surfaces","11":"product_cat-lingettes-humides-alcoolisees","12":"product_cat-lingettes-humides-antibacteriennes","13":"product_cat-lingettes-humides-de-voyage","14":"product_cat-lingettes-humides-deshuileuses","15":"product_cat-lingettes-humides-desinfectantes","16":"product_cat-lingettes-humides-jetables","17":"product_cat-lingettes-humides-pour-adultes","18":"product_cat-lingettes-humides-pour-chats-et-chiens","19":"product_cat-lingettes-humides-pour-les-animaux-domestiques-et-de-ferme","20":"product_cat-lingettes-humides-simples","21":"product_cat-lingettes-hygieniques-solubles-dans-leau","22":"product_cat-lingettes-nettoyantes-multi-usages","23":"product_cat-maintenance-industrielle","24":"product_cat-produits-desinfectants","26":"first","27":"instock","28":"taxable","29":"shipping-taxable","30":"product-type-simple"},"_links":{"self":[{"href":"https:\/\/www.asefkozmetik.com\/fr\/wp-json\/wp\/v2\/product\/903","targetHints":{"allow":["GET"]}}],"collection":[{"href":"https:\/\/www.asefkozmetik.com\/fr\/wp-json\/wp\/v2\/product"}],"about":[{"href":"https:\/\/www.asefkozmetik.com\/fr\/wp-json\/wp\/v2\/types\/product"}],"wp:featuredmedia":[{"embeddable":true,"href":"https:\/\/www.asefkozmetik.com\/fr\/wp-json\/wp\/v2\/media\/889"}],"wp:attachment":[{"href":"https:\/\/www.asefkozmetik.com\/fr\/wp-json\/wp\/v2\/media?parent=903"}],"wp:term":[{"taxonomy":"product_cat","embeddable":true,"href":"https:\/\/www.asefkozmetik.com\/fr\/wp-json\/wp\/v2\/product_cat?post=903"},{"taxonomy":"product_tag","embeddable":true,"href":"https:\/\/www.asefkozmetik.com\/fr\/wp-json\/wp\/v2\/product_tag?post=903"}],"curies":[{"name":"wp","href":"https:\/\/api.w.org\/{rel}","templated":true}]}}