{"id":907,"date":"2024-01-11T17:43:01","date_gmt":"2024-01-11T14:43:01","guid":{"rendered":"https:\/\/asefkozmetik.binnurolkun.com\/lingettes-humides-nettoyantes-pour-animaux-de-compagnie-40-pieces\/"},"modified":"2024-01-11T17:43:01","modified_gmt":"2024-01-11T14:43:01","slug":"lingettes-humides-nettoyantes-pour-animaux-de-compagnie-40-pieces","status":"publish","type":"product","link":"https:\/\/www.asefkozmetik.com\/fr\/lingettes-humides-nettoyantes-pour-animaux-de-compagnie-40-pieces\/","title":{"rendered":"Lingettes humides nettoyantes pour animaux de compagnie 40 pi\u00e8ces"},"content":{"rendered":"<p>Lingettes humides pour animaux de compagnie Klerax ; non allergique, s\u00fbr \u00e0 utiliser pour que votre animal reste en bonne sant\u00e9 tout le temps. Pr\u00e9-humidifi\u00e9 avec des ingr\u00e9dients naturels pour apaiser, nettoyer en douceur et conditionner les pattes, le visage, les oreilles, le nez et plus encore de votre animal.<\/p>\n","protected":false},"excerpt":{"rendered":"\n<div class=\"wpcf7 no-js\" id=\"wpcf7-f2375-o1\" lang=\"fr-FR\" dir=\"ltr\">\n<div class=\"screen-reader-response\"><p role=\"status\" aria-live=\"polite\" aria-atomic=\"true\"><\/p> <ul><\/ul><\/div>\n<form action=\"\/fr\/wp-json\/wp\/v2\/product\/907#wpcf7-f2375-o1\" method=\"post\" class=\"wpcf7-form init\" aria-label=\"Formulaire de contact\" novalidate=\"novalidate\" data-status=\"init\">\n<div style=\"display: none;\">\n<input type=\"hidden\" name=\"_wpcf7\" value=\"2375\" \/>\n<input type=\"hidden\" name=\"_wpcf7_version\" value=\"5.8.6\" \/>\n<input type=\"hidden\" name=\"_wpcf7_locale\" value=\"fr_FR\" \/>\n<input type=\"hidden\" name=\"_wpcf7_unit_tag\" value=\"wpcf7-f2375-o1\" \/>\n<input type=\"hidden\" name=\"_wpcf7_container_post\" value=\"0\" \/>\n<input type=\"hidden\" name=\"_wpcf7_posted_data_hash\" value=\"\" \/>\n<\/div>\n<p><label><strong style=\"font-size:18px;\">Asef Cosmetics | Formulaire de consultation <\/strong><\/label>\n<\/p>\n<p><label> Nombre Apellidos<br \/>\n<span class=\"wpcf7-form-control-wrap\" data-name=\"your-name\"><input size=\"40\" class=\"wpcf7-form-control wpcf7-text wpcf7-validates-as-required\" autocomplete=\"name\" aria-required=\"true\" aria-invalid=\"false\" value=\"\" type=\"text\" name=\"your-name\" \/><\/span> <\/label>\n<\/p>\n<p><label> Votre adresse \u00e9lectronique<br \/>\n<span class=\"wpcf7-form-control-wrap\" data-name=\"your-email\"><input size=\"40\" class=\"wpcf7-form-control wpcf7-email wpcf7-validates-as-required wpcf7-text wpcf7-validates-as-email\" autocomplete=\"email\" aria-required=\"true\" aria-invalid=\"false\" value=\"\" type=\"email\" name=\"your-email\" \/><\/span> <\/label>\n<\/p>\n<p><label> Votre num\u00e9ro de t\u00e9l\u00e9phone<br \/>\n<span class=\"wpcf7-form-control-wrap\" data-name=\"tel-50\"><input size=\"40\" class=\"wpcf7-form-control wpcf7-tel wpcf7-text wpcf7-validates-as-tel\" aria-invalid=\"false\" value=\"\" type=\"tel\" name=\"tel-50\" \/><\/span> <\/label>\n<\/p>\n<p><label> Votre Message<br \/>\n<span class=\"wpcf7-form-control-wrap\" data-name=\"your-message\"><textarea cols=\"40\" rows=\"10\" class=\"wpcf7-form-control wpcf7-textarea\" aria-invalid=\"false\" name=\"your-message\"><\/textarea><\/span> <\/label>\n<\/p>\n<p><div class=\"cf7-cf-turnstile\" style=\"margin-top: -10px; margin-bottom: -15px;\"> <div id=\"cf-turnstile-cf7-2523125885\" class=\"cf-turnstile\" data-sitekey=\"0x4AAAAAAARXDYpHc3F3x_oP\" data-theme=\"light\" data-language=\"auto\" data-retry=\"auto\" data-retry-interval=\"1000\" data-action=\"contact-form-7\" data-appearance=\"always\"><\/div> <script>document.addEventListener(\"DOMContentLoaded\",(function(){var e=document.getElementById(\"cf-turnstile-cf7-2523125885\");e&&turnstile.render(\"#cf-turnstile-cf7-2523125885\",{sitekey:\"0x4AAAAAAARXDYpHc3F3x_oP\"})}));<\/script> <br class=\"cf-turnstile-br cf-turnstile-br-cf7-2523125885\"> <style>#cf-turnstile-cf7-2523125885 { margin-left: -15px; }<\/style> <script>document.addEventListener(\"DOMContentLoaded\",function(){document.querySelectorAll('.wpcf7-form').forEach(function(e){e.addEventListener('submit',function(){if(document.getElementById('cf-turnstile-cf7-2523125885')){setTimeout(function(){turnstile.render('#cf-turnstile-cf7-2523125885');},4000)}})})});<\/script> <\/div>\n<\/p>\n<p><input class=\"wpcf7-form-control wpcf7-submit has-spinner\" type=\"submit\" value=\"G\u00f6nder\" \/>\n<\/p><div class=\"wpcf7-response-output\" aria-hidden=\"true\"><\/div>\n<\/form>\n<\/div>\n\n","protected":false},"featured_media":908,"template":"","meta":[],"product_cat":[135],"product_tag":[],"class_list":{"0":"post-907","1":"product","2":"type-product","3":"status-publish","4":"has-post-thumbnail","6":"product_cat-lingettes-humides-pour-les-animaux-domestiques-et-de-ferme","8":"first","9":"instock","10":"taxable","11":"shipping-taxable","12":"product-type-simple"},"_links":{"self":[{"href":"https:\/\/www.asefkozmetik.com\/fr\/wp-json\/wp\/v2\/product\/907","targetHints":{"allow":["GET"]}}],"collection":[{"href":"https:\/\/www.asefkozmetik.com\/fr\/wp-json\/wp\/v2\/product"}],"about":[{"href":"https:\/\/www.asefkozmetik.com\/fr\/wp-json\/wp\/v2\/types\/product"}],"wp:featuredmedia":[{"embeddable":true,"href":"https:\/\/www.asefkozmetik.com\/fr\/wp-json\/wp\/v2\/media\/908"}],"wp:attachment":[{"href":"https:\/\/www.asefkozmetik.com\/fr\/wp-json\/wp\/v2\/media?parent=907"}],"wp:term":[{"taxonomy":"product_cat","embeddable":true,"href":"https:\/\/www.asefkozmetik.com\/fr\/wp-json\/wp\/v2\/product_cat?post=907"},{"taxonomy":"product_tag","embeddable":true,"href":"https:\/\/www.asefkozmetik.com\/fr\/wp-json\/wp\/v2\/product_tag?post=907"}],"curies":[{"name":"wp","href":"https:\/\/api.w.org\/{rel}","templated":true}]}}